{"id":3972,"date":"2023-02-20T21:09:28","date_gmt":"2023-02-20T21:09:28","guid":{"rendered":"https:\/\/www.thesanmarco.com\/?page_id=3972"},"modified":"2023-02-28T20:35:30","modified_gmt":"2023-02-28T20:35:30","slug":"apostelhof","status":"publish","type":"page","link":"https:\/\/www.thesanmarco.com\/index.php\/apostelhof\/","title":{"rendered":"Apostelhof"},"content":{"rendered":"\t\t<div data-elementor-type=\"wp-page\" data-elementor-id=\"3972\" class=\"elementor elementor-3972\" data-elementor-post-type=\"page\">\n\t\t\t\t<div class=\"elementor-element elementor-element-e8bbcc0 e-con-full e-flex e-con e-parent\" data-id=\"e8bbcc0\" data-element_type=\"container\" data-settings=\"{&quot;background_background&quot;:&quot;classic&quot;}\">\n\t\t\t\t<div class=\"elementor-element elementor-element-6121d28 elementor-widget__width-initial elementor-widget elementor-widget-heading\" data-id=\"6121d28\" data-element_type=\"widget\" data-widget_type=\"heading.default\">\n\t\t\t\t<div class=\"elementor-widget-container\">\n\t\t\t\t\t<h5 class=\"elementor-heading-title elementor-size-default\">The Art of Mod&shy;ern Living<\/h5>\t\t\t\t<\/div>\n\t\t\t\t<\/div>\n\t\t\t\t<div class=\"elementor-element elementor-element-cddea31 elementor-widget__width-initial elementor-widget elementor-widget-text-editor\" data-id=\"cddea31\" data-element_type=\"widget\" data-widget_type=\"text-editor.default\">\n\t\t\t\t<div class=\"elementor-widget-container\">\n\t\t\t\t\t\t\t\t\t<p>Contemporary Design f\u00fcr zeitgem\u00e4\u00dfes Development: Das Residential-Projekt Apostelhof in 1030 Wien vereint das Beste aus allen Welten. Au\u00dfen klassisch bis industrial, innen state-of-the-art&#8230; wie der Auftritt nach au\u00dfen.<\/p>\t\t\t\t\t\t\t\t<\/div>\n\t\t\t\t<\/div>\n\t\t\t\t<\/div>\n\t\t<div class=\"elementor-element elementor-element-3f45854 e-con-full e-flex e-con e-parent\" data-id=\"3f45854\" data-element_type=\"container\" data-settings=\"{&quot;background_background&quot;:&quot;classic&quot;}\">\n\t\t\t\t<div class=\"elementor-element elementor-element-e2be436 elementor-widget elementor-widget-gallery\" data-id=\"e2be436\" data-element_type=\"widget\" data-settings=\"{&quot;gallery_layout&quot;:&quot;masonry&quot;,&quot;columns&quot;:3,&quot;gap&quot;:{&quot;unit&quot;:&quot;px&quot;,&quot;size&quot;:50,&quot;sizes&quot;:[]},&quot;gap_tablet&quot;:{&quot;unit&quot;:&quot;px&quot;,&quot;size&quot;:25,&quot;sizes&quot;:[]},&quot;gap_mobile&quot;:{&quot;unit&quot;:&quot;px&quot;,&quot;size&quot;:25,&quot;sizes&quot;:[]},&quot;columns_laptop&quot;:2,&quot;gap_laptop&quot;:{&quot;unit&quot;:&quot;px&quot;,&quot;size&quot;:35,&quot;sizes&quot;:[]},&quot;lazyload&quot;:&quot;yes&quot;,&quot;columns_tablet&quot;:2,&quot;columns_mobile&quot;:1,&quot;content_hover_animation&quot;:&quot;fade-in&quot;}\" data-widget_type=\"gallery.default\">\n\t\t\t\t<div class=\"elementor-widget-container\">\n\t\t\t\t\t\t\t<div class=\"elementor-gallery__container\">\n\t\t\t\t\t\t\t<div class=\"e-gallery-item elementor-gallery-item elementor-animated-content\">\n\t\t\t\t\t<div class=\"e-gallery-image elementor-gallery-item__image\" data-thumbnail=\"https:\/\/www.thesanmarco.com\/wp-content\/uploads\/2023\/02\/Apostelhof-Cover.jpg\" data-width=\"2000\" data-height=\"2486\" aria-label=\"\" role=\"img\" ><\/div>\n\t\t\t\t\t\t\t\t\t\t\t\t\t\t<\/div>\n\t\t\t\t\t\t\t<div class=\"e-gallery-item elementor-gallery-item elementor-animated-content\">\n\t\t\t\t\t<div class=\"e-gallery-image elementor-gallery-item__image\" data-thumbnail=\"https:\/\/www.thesanmarco.com\/wp-content\/uploads\/2023\/02\/Apostelhof-openingspread.jpg\" data-width=\"2000\" data-height=\"2438\" aria-label=\"\" role=\"img\" ><\/div>\n\t\t\t\t\t\t\t\t\t\t\t\t\t\t<\/div>\n\t\t\t\t\t\t\t<div class=\"e-gallery-item elementor-gallery-item elementor-animated-content\">\n\t\t\t\t\t<div class=\"e-gallery-image elementor-gallery-item__image\" data-thumbnail=\"https:\/\/www.thesanmarco.com\/wp-content\/uploads\/2023\/02\/Apostelhof-offen.jpg\" data-width=\"2000\" data-height=\"1500\" aria-label=\"\" role=\"img\" ><\/div>\n\t\t\t\t\t\t\t\t\t\t\t\t\t\t<\/div>\n\t\t\t\t\t\t\t<div class=\"e-gallery-item elementor-gallery-item elementor-animated-content\">\n\t\t\t\t\t<div class=\"e-gallery-image elementor-gallery-item__image\" data-thumbnail=\"https:\/\/www.thesanmarco.com\/wp-content\/uploads\/2023\/02\/Apostelhof-stack.jpg\" data-width=\"2000\" data-height=\"1500\" aria-label=\"\" role=\"img\" ><\/div>\n\t\t\t\t\t\t\t\t\t\t\t\t\t\t<\/div>\n\t\t\t\t\t\t\t<div class=\"e-gallery-item elementor-gallery-item elementor-animated-content\">\n\t\t\t\t\t<div class=\"e-gallery-image elementor-gallery-item__image\" data-thumbnail=\"https:\/\/www.thesanmarco.com\/wp-content\/uploads\/2023\/02\/Apostelhof-table.jpg\" data-width=\"2000\" data-height=\"2455\" aria-label=\"\" role=\"img\" ><\/div>\n\t\t\t\t\t\t\t\t\t\t\t\t\t\t<\/div>\n\t\t\t\t\t\t\t<div class=\"e-gallery-item elementor-gallery-item elementor-animated-content\">\n\t\t\t\t\t<div class=\"e-gallery-image elementor-gallery-item__image\" data-thumbnail=\"https:\/\/www.thesanmarco.com\/wp-content\/uploads\/2023\/02\/Apo-market.jpg\" data-width=\"2000\" data-height=\"1500\" aria-label=\"\" role=\"img\" ><\/div>\n\t\t\t\t\t\t\t\t\t\t\t\t\t\t<\/div>\n\t\t\t\t\t\t\t<div class=\"e-gallery-item elementor-gallery-item elementor-animated-content\">\n\t\t\t\t\t<div class=\"e-gallery-image elementor-gallery-item__image\" data-thumbnail=\"https:\/\/www.thesanmarco.com\/wp-content\/uploads\/2023\/02\/Apostel-Markt-scaled.jpg\" data-width=\"1969\" data-height=\"2560\" aria-label=\"\" role=\"img\" ><\/div>\n\t\t\t\t\t\t\t\t\t\t\t\t\t\t<\/div>\n\t\t\t\t\t\t\t<div class=\"e-gallery-item elementor-gallery-item elementor-animated-content\">\n\t\t\t\t\t<div class=\"e-gallery-image elementor-gallery-item__image\" data-thumbnail=\"https:\/\/www.thesanmarco.com\/wp-content\/uploads\/2023\/02\/Apostelhof-dont-scaled.jpg\" data-width=\"1920\" data-height=\"2560\" aria-label=\"\" role=\"img\" ><\/div>\n\t\t\t\t\t\t\t\t\t\t\t\t\t\t<\/div>\n\t\t\t\t\t\t\t<div class=\"e-gallery-item elementor-gallery-item elementor-animated-content\">\n\t\t\t\t\t<div class=\"e-gallery-image elementor-gallery-item__image\" data-thumbnail=\"https:\/\/www.thesanmarco.com\/wp-content\/uploads\/2023\/02\/Apostelhof-vohi.jpg\" data-width=\"2000\" data-height=\"1907\" aria-label=\"\" role=\"img\" ><\/div>\n\t\t\t\t\t\t\t\t\t\t\t\t\t\t<\/div>\n\t\t\t\t\t<\/div>\n\t\t\t\t\t<\/div>\n\t\t\t\t<\/div>\n\t\t\t\t<\/div>\n\t\t<div class=\"elementor-element elementor-element-71fe54a e-con-full e-flex e-con e-parent\" data-id=\"71fe54a\" data-element_type=\"container\" data-settings=\"{&quot;background_background&quot;:&quot;classic&quot;}\">\n\t\t<div class=\"elementor-element elementor-element-55a1bdc e-con-full e-flex e-con e-parent\" data-id=\"55a1bdc\" data-element_type=\"container\">\n\t\t\t\t<div class=\"elementor-element elementor-element-f5951d2 elementor-widget__width-initial elementor-widget elementor-widget-heading\" data-id=\"f5951d2\" data-element_type=\"widget\" data-widget_type=\"heading.default\">\n\t\t\t\t<div class=\"elementor-widget-container\">\n\t\t\t\t\t<h3 class=\"elementor-heading-title elementor-size-default\">services<\/h3>\t\t\t\t<\/div>\n\t\t\t\t<\/div>\n\t\t\t\t<div class=\"elementor-element elementor-element-90829fc elementor-widget__width-initial elementor-widget elementor-widget-text-editor\" data-id=\"90829fc\" data-element_type=\"widget\" data-widget_type=\"text-editor.default\">\n\t\t\t\t<div class=\"elementor-widget-container\">\n\t\t\t\t\t\t\t\t\t<p>Creative concept<br \/>Branding<br \/>Copywriting<br \/>Layout &amp; editorial design<\/p>\t\t\t\t\t\t\t\t<\/div>\n\t\t\t\t<\/div>\n\t\t\t\t<\/div>\n\t\t<div class=\"elementor-element elementor-element-c752e5c e-con-full e-flex e-con e-parent\" data-id=\"c752e5c\" data-element_type=\"container\">\n\t\t\t\t<div class=\"elementor-element elementor-element-3b8b99f elementor-widget__width-initial elementor-widget elementor-widget-heading\" data-id=\"3b8b99f\" data-element_type=\"widget\" data-widget_type=\"heading.default\">\n\t\t\t\t<div class=\"elementor-widget-container\">\n\t\t\t\t\t<h3 class=\"elementor-heading-title elementor-size-default\">clients<\/h3>\t\t\t\t<\/div>\n\t\t\t\t<\/div>\n\t\t\t\t<div class=\"elementor-element elementor-element-5913412 elementor-widget__width-initial elementor-widget elementor-widget-text-editor\" data-id=\"5913412\" data-element_type=\"widget\" data-widget_type=\"text-editor.default\">\n\t\t\t\t<div class=\"elementor-widget-container\">\n\t\t\t\t\t\t\t\t\t<p>Colliers, EHL<\/p>\t\t\t\t\t\t\t\t<\/div>\n\t\t\t\t<\/div>\n\t\t\t\t<\/div>\n\t\t\t\t<\/div>\n\t\t\t\t<\/div>\n\t\t","protected":false},"excerpt":{"rendered":"<p>The Art of Mod\u00adern Living Contemporary Design f\u00fcr zeitgem\u00e4\u00dfes Development: Das Residential-Projekt Apostelhof in 1030 Wien vereint das Beste aus allen Welten. Au\u00dfen klassisch bis industrial, innen state-of-the-art&#8230; wie der Auftritt nach au\u00dfen. services Creative concept Branding Copywriting Layout &amp; editorial design clients Colliers, EHL<\/p>\n","protected":false},"author":2,"featured_media":3992,"parent":0,"menu_order":0,"comment_status":"closed","ping_status":"closed","template":"","meta":{"footnotes":""},"class_list":["post-3972","page","type-page","status-publish","has-post-thumbnail","hentry"],"yoast_head":"<!-- This site is optimized with the Yoast SEO plugin v26.7 - https:\/\/yoast.com\/wordpress\/plugins\/seo\/ -->\n<title>Apostelhof - Branding by thesanmarco<\/title>\n<meta name=\"robots\" content=\"index, follow, max-snippet:-1, max-image-preview:large, max-video-preview:-1\" \/>\n<link rel=\"canonical\" href=\"https:\/\/www.thesanmarco.com\/index.php\/apostelhof\/\" \/>\n<meta property=\"og:locale\" content=\"de_DE\" \/>\n<meta property=\"og:type\" content=\"article\" \/>\n<meta property=\"og:title\" content=\"Apostelhof - Branding by thesanmarco\" \/>\n<meta property=\"og:description\" content=\"The Art of Mod\u00adern Living Contemporary Design f\u00fcr zeitgem\u00e4\u00dfes Development: Das Residential-Projekt Apostelhof in 1030 Wien vereint das Beste aus allen Welten. Au\u00dfen klassisch bis industrial, innen state-of-the-art&#8230; wie der Auftritt nach au\u00dfen. services Creative concept Branding Copywriting Layout &amp; editorial design clients Colliers, EHL\" \/>\n<meta property=\"og:url\" content=\"https:\/\/www.thesanmarco.com\/index.php\/apostelhof\/\" \/>\n<meta property=\"og:site_name\" content=\"thesanmarco\" \/>\n<meta property=\"article:modified_time\" content=\"2023-02-28T20:35:30+00:00\" \/>\n<meta property=\"og:image\" content=\"https:\/\/www.thesanmarco.com\/wp-content\/uploads\/2023\/02\/Apostelhof-stack.jpg\" \/>\n\t<meta property=\"og:image:width\" content=\"2000\" \/>\n\t<meta property=\"og:image:height\" content=\"1500\" \/>\n\t<meta property=\"og:image:type\" content=\"image\/jpeg\" \/>\n<meta name=\"twitter:card\" content=\"summary_large_image\" \/>\n<meta name=\"twitter:label1\" content=\"Gesch\u00e4tzte Lesezeit\" \/>\n\t<meta name=\"twitter:data1\" content=\"1\u00a0Minute\" \/>\n<script type=\"application\/ld+json\" class=\"yoast-schema-graph\">{\"@context\":\"https:\/\/schema.org\",\"@graph\":[{\"@type\":\"WebPage\",\"@id\":\"https:\/\/www.thesanmarco.com\/index.php\/apostelhof\/\",\"url\":\"https:\/\/www.thesanmarco.com\/index.php\/apostelhof\/\",\"name\":\"Apostelhof - Branding by thesanmarco\",\"isPartOf\":{\"@id\":\"https:\/\/www.thesanmarco.com\/#website\"},\"primaryImageOfPage\":{\"@id\":\"https:\/\/www.thesanmarco.com\/index.php\/apostelhof\/#primaryimage\"},\"image\":{\"@id\":\"https:\/\/www.thesanmarco.com\/index.php\/apostelhof\/#primaryimage\"},\"thumbnailUrl\":\"https:\/\/www.thesanmarco.com\/wp-content\/uploads\/2023\/02\/Apostelhof-stack.jpg\",\"datePublished\":\"2023-02-20T21:09:28+00:00\",\"dateModified\":\"2023-02-28T20:35:30+00:00\",\"breadcrumb\":{\"@id\":\"https:\/\/www.thesanmarco.com\/index.php\/apostelhof\/#breadcrumb\"},\"inLanguage\":\"de\",\"potentialAction\":[{\"@type\":\"ReadAction\",\"target\":[\"https:\/\/www.thesanmarco.com\/index.php\/apostelhof\/\"]}]},{\"@type\":\"ImageObject\",\"inLanguage\":\"de\",\"@id\":\"https:\/\/www.thesanmarco.com\/index.php\/apostelhof\/#primaryimage\",\"url\":\"https:\/\/www.thesanmarco.com\/wp-content\/uploads\/2023\/02\/Apostelhof-stack.jpg\",\"contentUrl\":\"https:\/\/www.thesanmarco.com\/wp-content\/uploads\/2023\/02\/Apostelhof-stack.jpg\",\"width\":2000,\"height\":1500},{\"@type\":\"BreadcrumbList\",\"@id\":\"https:\/\/www.thesanmarco.com\/index.php\/apostelhof\/#breadcrumb\",\"itemListElement\":[{\"@type\":\"ListItem\",\"position\":1,\"name\":\"Home\",\"item\":\"https:\/\/www.thesanmarco.com\/\"},{\"@type\":\"ListItem\",\"position\":2,\"name\":\"Apostelhof\"}]},{\"@type\":\"WebSite\",\"@id\":\"https:\/\/www.thesanmarco.com\/#website\",\"url\":\"https:\/\/www.thesanmarco.com\/\",\"name\":\"thesanmarco\",\"description\":\"#thesanmarcoworks\",\"publisher\":{\"@id\":\"https:\/\/www.thesanmarco.com\/#organization\"},\"potentialAction\":[{\"@type\":\"SearchAction\",\"target\":{\"@type\":\"EntryPoint\",\"urlTemplate\":\"https:\/\/www.thesanmarco.com\/?s={search_term_string}\"},\"query-input\":{\"@type\":\"PropertyValueSpecification\",\"valueRequired\":true,\"valueName\":\"search_term_string\"}}],\"inLanguage\":\"de\"},{\"@type\":\"Organization\",\"@id\":\"https:\/\/www.thesanmarco.com\/#organization\",\"name\":\"thesanmarco\",\"url\":\"https:\/\/www.thesanmarco.com\/\",\"logo\":{\"@type\":\"ImageObject\",\"inLanguage\":\"de\",\"@id\":\"https:\/\/www.thesanmarco.com\/#\/schema\/logo\/image\/\",\"url\":\"https:\/\/www.thesanmarco.com\/wp-content\/uploads\/2020\/04\/thesanmarco-opt-1.svg\",\"contentUrl\":\"https:\/\/www.thesanmarco.com\/wp-content\/uploads\/2020\/04\/thesanmarco-opt-1.svg\",\"width\":500,\"height\":57,\"caption\":\"thesanmarco\"},\"image\":{\"@id\":\"https:\/\/www.thesanmarco.com\/#\/schema\/logo\/image\/\"}}]}<\/script>\n<!-- \/ Yoast SEO plugin. -->","yoast_head_json":{"title":"Apostelhof - Branding by thesanmarco","robots":{"index":"index","follow":"follow","max-snippet":"max-snippet:-1","max-image-preview":"max-image-preview:large","max-video-preview":"max-video-preview:-1"},"canonical":"https:\/\/www.thesanmarco.com\/index.php\/apostelhof\/","og_locale":"de_DE","og_type":"article","og_title":"Apostelhof - Branding by thesanmarco","og_description":"The Art of Mod\u00adern Living Contemporary Design f\u00fcr zeitgem\u00e4\u00dfes Development: Das Residential-Projekt Apostelhof in 1030 Wien vereint das Beste aus allen Welten. Au\u00dfen klassisch bis industrial, innen state-of-the-art&#8230; wie der Auftritt nach au\u00dfen. services Creative concept Branding Copywriting Layout &amp; editorial design clients Colliers, EHL","og_url":"https:\/\/www.thesanmarco.com\/index.php\/apostelhof\/","og_site_name":"thesanmarco","article_modified_time":"2023-02-28T20:35:30+00:00","og_image":[{"width":2000,"height":1500,"url":"https:\/\/www.thesanmarco.com\/wp-content\/uploads\/2023\/02\/Apostelhof-stack.jpg","type":"image\/jpeg"}],"twitter_card":"summary_large_image","twitter_misc":{"Gesch\u00e4tzte Lesezeit":"1\u00a0Minute"},"schema":{"@context":"https:\/\/schema.org","@graph":[{"@type":"WebPage","@id":"https:\/\/www.thesanmarco.com\/index.php\/apostelhof\/","url":"https:\/\/www.thesanmarco.com\/index.php\/apostelhof\/","name":"Apostelhof - Branding by thesanmarco","isPartOf":{"@id":"https:\/\/www.thesanmarco.com\/#website"},"primaryImageOfPage":{"@id":"https:\/\/www.thesanmarco.com\/index.php\/apostelhof\/#primaryimage"},"image":{"@id":"https:\/\/www.thesanmarco.com\/index.php\/apostelhof\/#primaryimage"},"thumbnailUrl":"https:\/\/www.thesanmarco.com\/wp-content\/uploads\/2023\/02\/Apostelhof-stack.jpg","datePublished":"2023-02-20T21:09:28+00:00","dateModified":"2023-02-28T20:35:30+00:00","breadcrumb":{"@id":"https:\/\/www.thesanmarco.com\/index.php\/apostelhof\/#breadcrumb"},"inLanguage":"de","potentialAction":[{"@type":"ReadAction","target":["https:\/\/www.thesanmarco.com\/index.php\/apostelhof\/"]}]},{"@type":"ImageObject","inLanguage":"de","@id":"https:\/\/www.thesanmarco.com\/index.php\/apostelhof\/#primaryimage","url":"https:\/\/www.thesanmarco.com\/wp-content\/uploads\/2023\/02\/Apostelhof-stack.jpg","contentUrl":"https:\/\/www.thesanmarco.com\/wp-content\/uploads\/2023\/02\/Apostelhof-stack.jpg","width":2000,"height":1500},{"@type":"BreadcrumbList","@id":"https:\/\/www.thesanmarco.com\/index.php\/apostelhof\/#breadcrumb","itemListElement":[{"@type":"ListItem","position":1,"name":"Home","item":"https:\/\/www.thesanmarco.com\/"},{"@type":"ListItem","position":2,"name":"Apostelhof"}]},{"@type":"WebSite","@id":"https:\/\/www.thesanmarco.com\/#website","url":"https:\/\/www.thesanmarco.com\/","name":"thesanmarco","description":"#thesanmarcoworks","publisher":{"@id":"https:\/\/www.thesanmarco.com\/#organization"},"potentialAction":[{"@type":"SearchAction","target":{"@type":"EntryPoint","urlTemplate":"https:\/\/www.thesanmarco.com\/?s={search_term_string}"},"query-input":{"@type":"PropertyValueSpecification","valueRequired":true,"valueName":"search_term_string"}}],"inLanguage":"de"},{"@type":"Organization","@id":"https:\/\/www.thesanmarco.com\/#organization","name":"thesanmarco","url":"https:\/\/www.thesanmarco.com\/","logo":{"@type":"ImageObject","inLanguage":"de","@id":"https:\/\/www.thesanmarco.com\/#\/schema\/logo\/image\/","url":"https:\/\/www.thesanmarco.com\/wp-content\/uploads\/2020\/04\/thesanmarco-opt-1.svg","contentUrl":"https:\/\/www.thesanmarco.com\/wp-content\/uploads\/2020\/04\/thesanmarco-opt-1.svg","width":500,"height":57,"caption":"thesanmarco"},"image":{"@id":"https:\/\/www.thesanmarco.com\/#\/schema\/logo\/image\/"}}]}},"_links":{"self":[{"href":"https:\/\/www.thesanmarco.com\/index.php\/wp-json\/wp\/v2\/pages\/3972","targetHints":{"allow":["GET"]}}],"collection":[{"href":"https:\/\/www.thesanmarco.com\/index.php\/wp-json\/wp\/v2\/pages"}],"about":[{"href":"https:\/\/www.thesanmarco.com\/index.php\/wp-json\/wp\/v2\/types\/page"}],"author":[{"embeddable":true,"href":"https:\/\/www.thesanmarco.com\/index.php\/wp-json\/wp\/v2\/users\/2"}],"replies":[{"embeddable":true,"href":"https:\/\/www.thesanmarco.com\/index.php\/wp-json\/wp\/v2\/comments?post=3972"}],"version-history":[{"count":158,"href":"https:\/\/www.thesanmarco.com\/index.php\/wp-json\/wp\/v2\/pages\/3972\/revisions"}],"predecessor-version":[{"id":5292,"href":"https:\/\/www.thesanmarco.com\/index.php\/wp-json\/wp\/v2\/pages\/3972\/revisions\/5292"}],"wp:featuredmedia":[{"embeddable":true,"href":"https:\/\/www.thesanmarco.com\/index.php\/wp-json\/wp\/v2\/media\/3992"}],"wp:attachment":[{"href":"https:\/\/www.thesanmarco.com\/index.php\/wp-json\/wp\/v2\/media?parent=3972"}],"curies":[{"name":"wp","href":"https:\/\/api.w.org\/{rel}","templated":true}]}}